{"id":242,"date":"2020-03-25T10:14:20","date_gmt":"2020-03-25T09:14:20","guid":{"rendered":"http:\/\/slawomirzielen.com.pl\/?page_id=242"},"modified":"2020-03-25T10:30:22","modified_gmt":"2020-03-25T09:30:22","slug":"monitoring-kadrowo-placowy","status":"publish","type":"page","link":"https:\/\/slawomirzielen.com.pl\/index.php\/monitoring-kadrowo-placowy\/","title":{"rendered":"Monitoring kadrowo-p\u0142acowy"},"content":{"rendered":"\t\t<div data-elementor-type=\"wp-post\" data-elementor-id=\"242\" class=\"elementor elementor-242\" data-elementor-post-type=\"page\">\n\t\t\t\t\t\t<section class=\"elementor-section elementor-top-section elementor-element elementor-element-3513437f elementor-section-stretched elementor-section-full_width elementor-section-height-default elementor-section-height-default\" data-id=\"3513437f\" data-element_type=\"section\" data-settings=\"{&quot;stretch_section&quot;:&quot;section-stretched&quot;,&quot;background_background&quot;:&quot;classic&quot;}\">\n\t\t\t\t\t\t<div class=\"elementor-container elementor-column-gap-default\">\n\t\t\t\t\t<div class=\"elementor-column elementor-col-33 elementor-top-column elementor-element elementor-element-21e5d128\" data-id=\"21e5d128\" data-element_type=\"column\">\n\t\t\t<div class=\"elementor-widget-wrap elementor-element-populated\">\n\t\t\t\t\t\t<div class=\"elementor-element elementor-element-4aeaa7d1 elementor-icon-list--layout-traditional elementor-list-item-link-full_width elementor-widget elementor-widget-icon-list\" data-id=\"4aeaa7d1\" data-element_type=\"widget\" data-widget_type=\"icon-list.default\">\n\t\t\t\t<div class=\"elementor-widget-container\">\n\t\t\t\t\t\t\t<ul class=\"elementor-icon-list-items\">\n\t\t\t\t\t\t\t<li class=\"elementor-icon-list-item\">\n\t\t\t\t\t\t\t\t\t\t\t<span class=\"elementor-icon-list-icon\">\n\t\t\t\t\t\t\t\t\t\t\t\t\t\t\t\t<i class=\"fa fa-phone\" aria-hidden=\"true\"><\/i>\n\t\t\t\t\t\t\t\t\t\t\t\t\t<\/span>\n\t\t\t\t\t\t\t\t\t\t<span class=\"elementor-icon-list-text\">074 842-35-52<\/span>\n\t\t\t\t\t\t\t\t\t<\/li>\n\t\t\t\t\t\t<\/ul>\n\t\t\t\t\t\t<\/div>\n\t\t\t\t<\/div>\n\t\t\t\t\t<\/div>\n\t\t<\/div>\n\t\t\t\t<div class=\"elementor-column elementor-col-33 elementor-top-column elementor-element elementor-element-62a8e751\" data-id=\"62a8e751\" data-element_type=\"column\">\n\t\t\t<div class=\"elementor-widget-wrap elementor-element-populated\">\n\t\t\t\t\t\t<div class=\"elementor-element elementor-element-3d1fa067 elementor-icon-list--layout-traditional elementor-list-item-link-full_width elementor-widget elementor-widget-icon-list\" data-id=\"3d1fa067\" data-element_type=\"widget\" data-widget_type=\"icon-list.default\">\n\t\t\t\t<div class=\"elementor-widget-container\">\n\t\t\t\t\t\t\t<ul class=\"elementor-icon-list-items\">\n\t\t\t\t\t\t\t<li class=\"elementor-icon-list-item\">\n\t\t\t\t\t\t\t\t\t\t\t<span class=\"elementor-icon-list-icon\">\n\t\t\t\t\t\t\t\t\t\t\t\t\t\t\t\t<i class=\"fa fa-newspaper-o\" aria-hidden=\"true\"><\/i>\n\t\t\t\t\t\t\t\t\t\t\t\t\t<\/span>\n\t\t\t\t\t\t\t\t\t\t<span class=\"elementor-icon-list-text\">biuro@slawomirzielen.com.pl<\/span>\n\t\t\t\t\t\t\t\t\t<\/li>\n\t\t\t\t\t\t<\/ul>\n\t\t\t\t\t\t<\/div>\n\t\t\t\t<\/div>\n\t\t\t\t\t<\/div>\n\t\t<\/div>\n\t\t\t\t<div class=\"elementor-column elementor-col-33 elementor-top-column elementor-element elementor-element-70e4030c\" data-id=\"70e4030c\" data-element_type=\"column\">\n\t\t\t<div class=\"elementor-widget-wrap\">\n\t\t\t\t\t\t\t<\/div>\n\t\t<\/div>\n\t\t\t\t\t<\/div>\n\t\t<\/section>\n\t\t\t\t<section class=\"elementor-section elementor-top-section elementor-element elementor-element-63f74061 elementor-section-height-min-height elementor-section-content-middle elementor-section-stretched elementor-section-full_width elementor-section-height-default elementor-section-items-middle\" data-id=\"63f74061\" data-element_type=\"section\" data-settings=\"{&quot;stretch_section&quot;:&quot;section-stretched&quot;,&quot;background_background&quot;:&quot;classic&quot;,&quot;sticky&quot;:&quot;top&quot;,&quot;sticky_on&quot;:[&quot;desktop&quot;,&quot;tablet&quot;,&quot;mobile&quot;],&quot;sticky_offset&quot;:0,&quot;sticky_effects_offset&quot;:0,&quot;sticky_anchor_link_offset&quot;:0}\">\n\t\t\t\t\t\t<div class=\"elementor-container elementor-column-gap-default\">\n\t\t\t\t\t<div class=\"elementor-column elementor-col-50 elementor-top-column elementor-element elementor-element-5cb5e32c\" data-id=\"5cb5e32c\" data-element_type=\"column\">\n\t\t\t<div class=\"elementor-widget-wrap elementor-element-populated\">\n\t\t\t\t\t\t<div class=\"elementor-element elementor-element-72613e46 elementor-widget elementor-widget-image\" data-id=\"72613e46\" data-element_type=\"widget\" data-widget_type=\"image.default\">\n\t\t\t\t<div class=\"elementor-widget-container\">\n\t\t\t\t\t\t\t\t\t\t\t\t\t\t\t<img decoding=\"async\" width=\"150\" height=\"70\" src=\"https:\/\/slawomirzielen.com.pl\/wp-content\/uploads\/2020\/02\/logo.png\" class=\"attachment-large size-large wp-image-20\" alt=\"\" \/>\t\t\t\t\t\t\t\t\t\t\t\t\t\t\t<\/div>\n\t\t\t\t<\/div>\n\t\t\t\t\t<\/div>\n\t\t<\/div>\n\t\t\t\t<div class=\"elementor-column elementor-col-50 elementor-top-column elementor-element elementor-element-6892aa8b\" data-id=\"6892aa8b\" data-element_type=\"column\">\n\t\t\t<div class=\"elementor-widget-wrap elementor-element-populated\">\n\t\t\t\t\t\t<div class=\"elementor-element elementor-element-19394d8a elementor-nav-menu--dropdown-tablet elementor-nav-menu__text-align-aside elementor-nav-menu--toggle elementor-nav-menu--burger elementor-widget elementor-widget-nav-menu\" data-id=\"19394d8a\" data-element_type=\"widget\" data-settings=\"{&quot;layout&quot;:&quot;horizontal&quot;,&quot;submenu_icon&quot;:{&quot;value&quot;:&quot;&lt;i class=\\&quot;fa fa-caret-down\\&quot;&gt;&lt;\\\/i&gt;&quot;,&quot;library&quot;:&quot;fa-solid&quot;},&quot;toggle&quot;:&quot;burger&quot;}\" data-widget_type=\"nav-menu.default\">\n\t\t\t\t<div class=\"elementor-widget-container\">\n\t\t\t\t\t\t\t\t<nav aria-label=\"Menu\" class=\"elementor-nav-menu--main elementor-nav-menu__container elementor-nav-menu--layout-horizontal e--pointer-underline e--animation-fade\">\n\t\t\t\t<ul id=\"menu-1-19394d8a\" class=\"elementor-nav-menu\"><li class=\"menu-item menu-item-type-post_type menu-item-object-page menu-item-home menu-item-33\"><a href=\"https:\/\/slawomirzielen.com.pl\/\" class=\"elementor-item\">O nas<\/a><\/li>\n<li class=\"menu-item menu-item-type-post_type menu-item-object-page menu-item-165\"><a href=\"https:\/\/slawomirzielen.com.pl\/index.php\/uslugi\/\" class=\"elementor-item\">Us\u0142ugi<\/a><\/li>\n<li class=\"menu-item menu-item-type-post_type menu-item-object-page menu-item-164\"><a href=\"https:\/\/slawomirzielen.com.pl\/index.php\/pracownicy\/\" class=\"elementor-item\">Pracownicy<\/a><\/li>\n<li class=\"menu-item menu-item-type-post_type menu-item-object-page menu-item-163\"><a href=\"https:\/\/slawomirzielen.com.pl\/index.php\/oferta\/\" class=\"elementor-item\">Oferta<\/a><\/li>\n<li class=\"menu-item menu-item-type-post_type menu-item-object-page menu-item-161\"><a href=\"https:\/\/slawomirzielen.com.pl\/index.php\/referencje\/\" class=\"elementor-item\">Referencje<\/a><\/li>\n<li class=\"menu-item menu-item-type-post_type menu-item-object-page menu-item-159\"><a href=\"https:\/\/slawomirzielen.com.pl\/index.php\/praca\/\" class=\"elementor-item\">Praca<\/a><\/li>\n<li class=\"menu-item menu-item-type-post_type menu-item-object-page menu-item-367\"><a href=\"https:\/\/slawomirzielen.com.pl\/index.php\/artykuly-2\/\" class=\"elementor-item\">Artyku\u0142y<\/a><\/li>\n<li class=\"menu-item menu-item-type-custom menu-item-object-custom menu-item-home menu-item-42\"><a href=\"http:\/\/slawomirzielen.com.pl\/#kontakt\" class=\"elementor-item elementor-item-anchor\">Kontakt<\/a><\/li>\n<\/ul>\t\t\t<\/nav>\n\t\t\t\t\t<div class=\"elementor-menu-toggle\" role=\"button\" tabindex=\"0\" aria-label=\"Menu Toggle\" aria-expanded=\"false\">\n\t\t\t<i aria-hidden=\"true\" role=\"presentation\" class=\"elementor-menu-toggle__icon--open eicon-menu-bar\"><\/i><i aria-hidden=\"true\" role=\"presentation\" class=\"elementor-menu-toggle__icon--close eicon-close\"><\/i>\t\t<\/div>\n\t\t\t\t\t<nav class=\"elementor-nav-menu--dropdown elementor-nav-menu__container\" aria-hidden=\"true\">\n\t\t\t\t<ul id=\"menu-2-19394d8a\" class=\"elementor-nav-menu\"><li class=\"menu-item menu-item-type-post_type menu-item-object-page menu-item-home menu-item-33\"><a href=\"https:\/\/slawomirzielen.com.pl\/\" class=\"elementor-item\" tabindex=\"-1\">O nas<\/a><\/li>\n<li class=\"menu-item menu-item-type-post_type menu-item-object-page menu-item-165\"><a href=\"https:\/\/slawomirzielen.com.pl\/index.php\/uslugi\/\" class=\"elementor-item\" tabindex=\"-1\">Us\u0142ugi<\/a><\/li>\n<li class=\"menu-item menu-item-type-post_type menu-item-object-page menu-item-164\"><a href=\"https:\/\/slawomirzielen.com.pl\/index.php\/pracownicy\/\" class=\"elementor-item\" tabindex=\"-1\">Pracownicy<\/a><\/li>\n<li class=\"menu-item menu-item-type-post_type menu-item-object-page menu-item-163\"><a href=\"https:\/\/slawomirzielen.com.pl\/index.php\/oferta\/\" class=\"elementor-item\" tabindex=\"-1\">Oferta<\/a><\/li>\n<li class=\"menu-item menu-item-type-post_type menu-item-object-page menu-item-161\"><a href=\"https:\/\/slawomirzielen.com.pl\/index.php\/referencje\/\" class=\"elementor-item\" tabindex=\"-1\">Referencje<\/a><\/li>\n<li class=\"menu-item menu-item-type-post_type menu-item-object-page menu-item-159\"><a href=\"https:\/\/slawomirzielen.com.pl\/index.php\/praca\/\" class=\"elementor-item\" tabindex=\"-1\">Praca<\/a><\/li>\n<li class=\"menu-item menu-item-type-post_type menu-item-object-page menu-item-367\"><a href=\"https:\/\/slawomirzielen.com.pl\/index.php\/artykuly-2\/\" class=\"elementor-item\" tabindex=\"-1\">Artyku\u0142y<\/a><\/li>\n<li class=\"menu-item menu-item-type-custom menu-item-object-custom menu-item-home menu-item-42\"><a href=\"http:\/\/slawomirzielen.com.pl\/#kontakt\" class=\"elementor-item elementor-item-anchor\" tabindex=\"-1\">Kontakt<\/a><\/li>\n<\/ul>\t\t\t<\/nav>\n\t\t\t\t\t\t<\/div>\n\t\t\t\t<\/div>\n\t\t\t\t\t<\/div>\n\t\t<\/div>\n\t\t\t\t\t<\/div>\n\t\t<\/section>\n\t\t\t\t<section class=\"elementor-section elementor-top-section elementor-element elementor-element-3e409d84 elementor-section-height-min-height elementor-section-stretched elementor-section-full_width elementor-section-height-default elementor-section-items-middle\" data-id=\"3e409d84\" data-element_type=\"section\" data-settings=\"{&quot;stretch_section&quot;:&quot;section-stretched&quot;,&quot;background_motion_fx_devices&quot;:[&quot;desktop&quot;,&quot;tablet&quot;,&quot;mobile&quot;]}\">\n\t\t\t\t\t\t\t<div class=\"elementor-background-overlay\"><\/div>\n\t\t\t\t\t\t\t<div class=\"elementor-container elementor-column-gap-default\">\n\t\t\t\t\t<div class=\"elementor-column elementor-col-100 elementor-top-column elementor-element elementor-element-5cbc8ff6\" data-id=\"5cbc8ff6\" data-element_type=\"column\">\n\t\t\t<div class=\"elementor-widget-wrap elementor-element-populated\">\n\t\t\t\t\t\t<div class=\"elementor-element elementor-element-83de260 elementor--h-position-center elementor--v-position-middle elementor-arrows-position-inside elementor-pagination-position-inside elementor-widget elementor-widget-slides\" data-id=\"83de260\" data-element_type=\"widget\" data-settings=\"{&quot;navigation&quot;:&quot;both&quot;,&quot;autoplay&quot;:&quot;yes&quot;,&quot;pause_on_hover&quot;:&quot;yes&quot;,&quot;pause_on_interaction&quot;:&quot;yes&quot;,&quot;autoplay_speed&quot;:5000,&quot;infinite&quot;:&quot;yes&quot;,&quot;transition&quot;:&quot;slide&quot;,&quot;transition_speed&quot;:500}\" data-widget_type=\"slides.default\">\n\t\t\t\t<div class=\"elementor-widget-container\">\n\t\t\t\t\t\t\t\t\t<div class=\"elementor-swiper\">\n\t\t\t\t\t<div class=\"elementor-slides-wrapper elementor-main-swiper swiper\" role=\"region\" aria-roledescription=\"carousel\" aria-label=\"Slides\" dir=\"ltr\" data-animation=\"fadeInUp\">\n\t\t\t\t<div class=\"swiper-wrapper elementor-slides\">\n\t\t\t\t\t\t\t\t\t\t<div class=\"elementor-repeater-item-34f8c19 swiper-slide\" role=\"group\" aria-roledescription=\"slide\"><div class=\"swiper-slide-bg elementor-ken-burns elementor-ken-burns--in\" role=\"img\"><\/div><div class=\"elementor-background-overlay\"><\/div><div class=\"swiper-slide-inner\" ><div class=\"swiper-slide-contents\"><div class=\"elementor-slide-heading\">Monitoring kadrowo-p\u0142acowy<\/div><\/div><\/div><\/div>\t\t\t\t<\/div>\n\t\t\t\t\t\t\t<\/div>\n\t\t\t\t<\/div>\n\t\t\t\t\t\t\t\t<\/div>\n\t\t\t\t<\/div>\n\t\t\t\t\t<\/div>\n\t\t<\/div>\n\t\t\t\t\t<\/div>\n\t\t<\/section>\n\t\t\t\t<section class=\"elementor-section elementor-top-section elementor-element elementor-element-4a21404a elementor-section-stretched elementor-section-boxed elementor-section-height-default elementor-section-height-default\" data-id=\"4a21404a\" data-element_type=\"section\" data-settings=\"{&quot;stretch_section&quot;:&quot;section-stretched&quot;,&quot;background_background&quot;:&quot;classic&quot;,&quot;shape_divider_bottom&quot;:&quot;book&quot;}\">\n\t\t\t\t\t<div class=\"elementor-shape elementor-shape-bottom\" data-negative=\"false\">\n\t\t\t<svg xmlns=\"http:\/\/www.w3.org\/2000\/svg\" viewBox=\"0 0 1000 100\" preserveAspectRatio=\"none\">\n\t<path class=\"elementor-shape-fill\" d=\"M194,99c186.7,0.7,305-78.3,306-97.2c1,18.9,119.3,97.9,306,97.2c114.3-0.3,194,0.3,194,0.3s0-91.7,0-100c0,0,0,0,0-0 L0,0v99.3C0,99.3,79.7,98.7,194,99z\"\/>\n<\/svg>\t\t<\/div>\n\t\t\t\t\t<div class=\"elementor-container elementor-column-gap-default\">\n\t\t\t\t\t<div class=\"elementor-column elementor-col-100 elementor-top-column elementor-element elementor-element-5a85b890\" data-id=\"5a85b890\" data-element_type=\"column\">\n\t\t\t<div class=\"elementor-widget-wrap elementor-element-populated\">\n\t\t\t\t\t\t<div class=\"elementor-element elementor-element-3c890a64 elementor-widget elementor-widget-spacer\" data-id=\"3c890a64\" data-element_type=\"widget\" data-widget_type=\"spacer.default\">\n\t\t\t\t<div class=\"elementor-widget-container\">\n\t\t\t\t\t\t\t<div class=\"elementor-spacer\">\n\t\t\t<div class=\"elementor-spacer-inner\"><\/div>\n\t\t<\/div>\n\t\t\t\t\t\t<\/div>\n\t\t\t\t<\/div>\n\t\t\t\t<section class=\"elementor-section elementor-inner-section elementor-element elementor-element-73d26d57 elementor-section-boxed elementor-section-height-default elementor-section-height-default\" data-id=\"73d26d57\" data-element_type=\"section\">\n\t\t\t\t\t\t<div class=\"elementor-container elementor-column-gap-default\">\n\t\t\t\t\t<div class=\"elementor-column elementor-col-100 elementor-inner-column elementor-element elementor-element-53a42ff2\" data-id=\"53a42ff2\" data-element_type=\"column\">\n\t\t\t<div class=\"elementor-widget-wrap elementor-element-populated\">\n\t\t\t\t\t\t<div class=\"elementor-element elementor-element-c7c1fd8 elementor-widget elementor-widget-text-editor\" data-id=\"c7c1fd8\" data-element_type=\"widget\" data-widget_type=\"text-editor.default\">\n\t\t\t\t<div class=\"elementor-widget-container\">\n\t\t\t\t\t\t\t\t\t<p class=\"kolorowy\">Na zlecenie klienta \u015bwiadczymy szereg us\u0142ug w zakresie monitoringu kadrowo &#8211; p\u0142acowego. Us\u0142ugi te mog\u0105 r\u00f3wnie\u017c zosta\u0107 w\u0142\u0105czone do zakresu us\u0142ug standardowych zgodnie z zapotrzebowaniem zlecaj\u0105cego:<\/p><p class=\"kolorowy\"><b>Korekty deklaracji zg\u0142oszeniowych i rozliczeniowych ZUS<\/b><\/p><ul><li>wyja\u015bnianie b\u0142\u0119d\u00f3w w dokumentach przekazanych do ZUS oraz o zastosowanej korekcie danych, zwanych WDR z okresu poprzedzaj\u0105cego wsp\u00f3\u0142prac\u0119;<\/li><li>Przygotowywanie koryguj\u0105cych deklaracji rozliczeniowych,<\/li><li>Przygotowywanie koryguj\u0105cych deklaracji zg\u0142oszeniowych,<\/li><li>Analiza i weryfikacja danych zawartych w programie &#8222;P\u0142atnik&#8221; Klienta<\/li><\/ul><p class=\"kolorowy\"><b>Przegl\u0105dy dokumentacji dotycz\u0105cej wynagrodze\u0144, audyty kadrowe, sta\u0142y monitoring<\/b><br \/>Celem audytu jest kompleksowe zbadanie prawid\u0142owo\u015bci kalkulacji wynagrodze\u0144 i naliczenia wszystkich obci\u0105\u017ce\u0144 z tym zwi\u0105zanych w aspekcie obowi\u0105zuj\u0105cych przepis\u00f3w prawnych na przyk\u0142adzie analizy dokumentacji dotycz\u0105cej wskazanego przez Klienta okresu.<\/p><ul><li>Audyt dokumentacji kadrowo-p\u0142acowej u Klient\u00f3w posiadaj\u0105cych w\u0142asne dzia\u0142y kadrowo-p\u0142acowe zako\u0144czony przedstawieniem raportu;<\/li><li>Pe\u0142na weryfikacja prawid\u0142owo\u015bci nalicze\u0144 wynagrodze\u0144 dla pracownik\u00f3w Klienta<\/li><li>Kontrola \u015bwiadcze\u0144 z ubezpieczenia spo\u0142ecznego &#8211; weryfikacja dokumentacji zasi\u0142kowej, okres\u00f3w pobierania zasi\u0142k\u00f3w oraz wysoko\u015bci naliczonych \u015bwiadcze\u0144 z tytu\u0142u choroby i macierzy\u0144stwa,<\/li><li>Weryfikacja sporz\u0105dzonych deklaracji ZUS DRA, PIT-4R, PIT-8AR<\/li><li>Weryfikacja dokumentacji kadrowej pracownik\u00f3w pod wzgl\u0119dem zgodno\u015bci z przepisami prawa pracy<\/li><li>Weryfikacja dokumentacji zwi\u0105zanej z urlopami wypoczynkowymi<\/li><li>Weryfikacja dokumentacji zwi\u0105zanej z absencjami pracownik\u00f3w<\/li><li>Weryfikacja prawid\u0142owo\u015bci rozliczania czasu pracy<\/li><li>Asysta podczas kontroli zewn\u0119trznych (Urz\u0105d Skarbowy, ZUS, Pa\u0144stwowa Inspekcja Pracy) u Klienta, przygotowywanie wyja\u015bnie\u0144 &#8211; odwo\u0142a\u0144 oraz wykonywanie zalece\u0144 pokontrolnych;<\/li><li>Weryfikacja dokumentacji dotycz\u0105cej um\u00f3w zlece\u0144 i um\u00f3w o dzie\u0142o<\/li><li>Kontrola zrealizowanych przelew\u00f3w wynagrodze\u0144 na rachunki bankowe pracownik\u00f3w z wyliczeniami z list p\u0142ac<\/li><li>Wyprowadzanie zaleg\u0142o\u015bci w dokumentacji kadrowo-p\u0142acowej Klienta;<\/li><\/ul><p class=\"kolorowy\"><b>Pozosta\u0142e us\u0142ugi dodatkowe<\/b><\/p><ul><li>Opracowywanie Regulamin\u00f3w Pracy<\/li><li>Opracowywanie Regulamin\u00f3w Wynagradzania<\/li><li>Opracowywanie Regulamin\u00f3w ZF\u015aS<\/li><li>Opracowywanie wzoru umowy o prac\u0119 z indywidualnymi zapisami<\/li><li>Przygotowywanie dokument\u00f3w kadrowych, w przypadku obs\u0142ugi p\u0142acowej<\/li><li>Konsultacje e-mail w zakresie bie\u017c\u0105cych spraw kadrowo-p\u0142acowych<\/li><li>Przygotowywanie i wys\u0142anie zg\u0142oszenia Pracodawcy do PIP<\/li><li>Przygotowywanie i z\u0142o\u017cenie zg\u0142oszenia Pracodawcy w ZUS<\/li><li>Przygotowywanie indywidualnych raport\u00f3w w formacie Excel zgodnie z wytycznymi Zlecaj\u0105cego<\/li><\/ul><p class=\"kolorowy\">Je\u017celi s\u0105 Pa\u0144stwo zainteresowani nasz\u0105 ofert\u0105 zach\u0119camy do zapytania o ofert\u0119, kt\u00f3ra u\u0142atwi nam pocz\u0105tkow\u0105 wycen\u0119 us\u0142ug. Mog\u0105 r\u00f3wnie\u017c Pa\u0144stwo w ka\u017cdej chwili skontaktowa\u0107 si\u0119 z nami\u00a0<a href=\"https:\/\/slawomirzielen.com.pl\/#kontakt\">telefonicznie lub mailowo<\/a>.<\/p><p class=\"kolorowy\">Osoba do kontaktu w sprawie oferty:<\/p><p>Iwona Koci\u0119da &#8211; Specjalista ds. kadr i p\u0142ac<br \/>&#8222;S\u0142awomir Ziele\u0144 i Wsp\u00f3lnicy&#8221; Sp. z o.o.<br \/>Rynek 18\/2 58-300 Wa\u0142brzych<br \/>tel.\/ fax. (074) 842-35-52 (wew.22)<br \/>e mail:\u00a0i.kocieda@slawomirzielen.com.pl<\/p>\t\t\t\t\t\t\t\t<\/div>\n\t\t\t\t<\/div>\n\t\t\t\t\t<\/div>\n\t\t<\/div>\n\t\t\t\t\t<\/div>\n\t\t<\/section>\n\t\t\t\t<div class=\"elementor-element elementor-element-d621897 elementor-widget elementor-widget-spacer\" data-id=\"d621897\" data-element_type=\"widget\" data-widget_type=\"spacer.default\">\n\t\t\t\t<div class=\"elementor-widget-container\">\n\t\t\t\t\t\t\t<div class=\"elementor-spacer\">\n\t\t\t<div class=\"elementor-spacer-inner\"><\/div>\n\t\t<\/div>\n\t\t\t\t\t\t<\/div>\n\t\t\t\t<\/div>\n\t\t\t\t\t<\/div>\n\t\t<\/div>\n\t\t\t\t\t<\/div>\n\t\t<\/section>\n\t\t\t\t<\/div>\n\t\t","protected":false},"excerpt":{"rendered":"<p>074 842-35-52 biuro@slawomirzielen.com.pl Monitoring kadrowo-p\u0142acowy Na zlecenie klienta \u015bwiadczymy szereg us\u0142ug w zakresie monitoringu kadrowo &#8211; p\u0142acowego. Us\u0142ugi te mog\u0105 r\u00f3wnie\u017c zosta\u0107 w\u0142\u0105czone do zakresu us\u0142ug standardowych zgodnie z zapotrzebowaniem zlecaj\u0105cego: Korekty deklaracji zg\u0142oszeniowych i rozliczeniowych ZUS wyja\u015bnianie b\u0142\u0119d\u00f3w w dokumentach przekazanych do ZUS oraz o zastosowanej korekcie danych, zwanych WDR z okresu poprzedzaj\u0105cego wsp\u00f3\u0142prac\u0119; [&hellip;]<\/p>\n","protected":false},"author":1,"featured_media":0,"parent":0,"menu_order":0,"comment_status":"closed","ping_status":"closed","template":"elementor_canvas","meta":{"footnotes":""},"class_list":["post-242","page","type-page","status-publish","hentry"],"_links":{"self":[{"href":"https:\/\/slawomirzielen.com.pl\/index.php\/wp-json\/wp\/v2\/pages\/242","targetHints":{"allow":["GET"]}}],"collection":[{"href":"https:\/\/slawomirzielen.com.pl\/index.php\/wp-json\/wp\/v2\/pages"}],"about":[{"href":"https:\/\/slawomirzielen.com.pl\/index.php\/wp-json\/wp\/v2\/types\/page"}],"author":[{"embeddable":true,"href":"https:\/\/slawomirzielen.com.pl\/index.php\/wp-json\/wp\/v2\/users\/1"}],"replies":[{"embeddable":true,"href":"https:\/\/slawomirzielen.com.pl\/index.php\/wp-json\/wp\/v2\/comments?post=242"}],"version-history":[{"count":3,"href":"https:\/\/slawomirzielen.com.pl\/index.php\/wp-json\/wp\/v2\/pages\/242\/revisions"}],"predecessor-version":[{"id":249,"href":"https:\/\/slawomirzielen.com.pl\/index.php\/wp-json\/wp\/v2\/pages\/242\/revisions\/249"}],"wp:attachment":[{"href":"https:\/\/slawomirzielen.com.pl\/index.php\/wp-json\/wp\/v2\/media?parent=242"}],"curies":[{"name":"wp","href":"https:\/\/api.w.org\/{rel}","templated":true}]}}